{"id":1305,"date":"2019-05-07T08:40:50","date_gmt":"2019-05-07T06:40:50","guid":{"rendered":"http:\/\/fluidworkssuspension.com\/store\/?post_type=product&#038;p=1305"},"modified":"2025-11-09T19:33:01","modified_gmt":"2025-11-09T18:33:01","slug":"lefty-ocho","status":"publish","type":"product","link":"http:\/\/fluidworkssuspension.com\/store\/prodotto\/lefty-ocho\/","title":{"rendered":"Lefty Ocho"},"content":{"rendered":"<h2>Lefty Ocho<\/h2>\n<p>La revisione che viene effettuata sulle forcelle Ocho \u00e8 sicuramente il meglio che puoi fare alla tua forcella: anni di esperienza, aggiornamenti tecnici con la casa madre, numerosi test ed il numero di forcelle fatte ti garantiscono il miglior risultato possibile. Una forcella Ocho revisionata da noi ti garantisce la migliore scorrevolezza rispettando i valori i precarico cuscinetti raccomandati dalla casa (precisione e rigidit\u00e0) , non avr\u00e0 usura precoce dello stelo, non avr\u00e0 depositi d&#8217;olio sullo stelo, non avr\u00e0 usura anomala delle parti interne. Usiamo ricambi ufficiali ma anche numerose parti aggiornate che migliorano nettamente le prestazioni e la durata (boccola di scorrimento con riporto speciale, paraolio di tipo diverso, etc). La nostra revisione delle 100 ore include la parte telescopica e non solo la pneumatica come invece sarebbe prassi, mantenendo in perfetta efficienza la parte pi\u00f9 importante e critica della sospensione.<\/p>\n<p>Seleziona la revisione che ti interessa effettuare ed aggiungila al carrello. Cannondale consiglia di effettuare le revisioni seguendo queste tempistiche di utilizzo:<\/p>\n<p>100 ore &#8211; E&#8217; la revisione base, da effettuare appunto dopo le 100 ore di utilizzo. Il nostro service delle 100h include anche la revisione della parte telescopica oltre che della sezione pneumatica: ci\u00f2 significa che avrete piste, cuscinetti, boccola e paraolio nuovi e aggiornati oltre alla sostituzione di tutte le tenute della parte pneumatica.<\/p>\n<p>200 ore &#8211; E&#8217; la revisione totale che include Telescopica+cartuccia idraulica+pneumatica. Questa revisione prevede come per la 100h piste, cuscinetti, boccola e paraolio nuovi e aggiornati, sostituzione di tutte le tenute della parte pneumatica ed inoltre revisione totale della cartuccia idraulica con sostituzione di numerose parti interne (praticamente torna come nuova). Se la revisione 100h \u00e8 stata effettuata presso di noi, la revisione &#8220;200h&#8221; potr\u00e0 essere posticipata fino alle 300h di utilizzo facendovi risparmiare tempo e denaro (metodi e materiali usati estendono l&#8217;intervallo di manutenzione perch\u00e8 la forcella lavora meglio, con miglior lubrificazione e corretta distribuzione dei carichi)<\/p>\n\n","protected":false},"excerpt":{"rendered":"<p>Scegli la tipologia di service\/tuning che ti interessa.<\/p>\n","protected":false},"featured_media":1334,"comment_status":"closed","ping_status":"closed","template":"","meta":{"_joinchat":[]},"product_cat":[18,35],"product_tag":[],"_links":{"self":[{"href":"http:\/\/fluidworkssuspension.com\/store\/wp-json\/wp\/v2\/product\/1305"}],"collection":[{"href":"http:\/\/fluidworkssuspension.com\/store\/wp-json\/wp\/v2\/product"}],"about":[{"href":"http:\/\/fluidworkssuspension.com\/store\/wp-json\/wp\/v2\/types\/product"}],"replies":[{"embeddable":true,"href":"http:\/\/fluidworkssuspension.com\/store\/wp-json\/wp\/v2\/comments?post=1305"}],"wp:featuredmedia":[{"embeddable":true,"href":"http:\/\/fluidworkssuspension.com\/store\/wp-json\/wp\/v2\/media\/1334"}],"wp:attachment":[{"href":"http:\/\/fluidworkssuspension.com\/store\/wp-json\/wp\/v2\/media?parent=1305"}],"wp:term":[{"taxonomy":"product_cat","embeddable":true,"href":"http:\/\/fluidworkssuspension.com\/store\/wp-json\/wp\/v2\/product_cat?post=1305"},{"taxonomy":"product_tag","embeddable":true,"href":"http:\/\/fluidworkssuspension.com\/store\/wp-json\/wp\/v2\/product_tag?post=1305"}],"curies":[{"name":"wp","href":"https:\/\/api.w.org\/{rel}","templated":true}]}}