{"id":797,"date":"2016-11-28T22:27:40","date_gmt":"2016-11-28T21:27:40","guid":{"rendered":"http:\/\/fluidworkssuspension.com\/store\/?page_id=797"},"modified":"2017-01-13T10:16:17","modified_gmt":"2017-01-13T09:16:17","slug":"privacy-e-condizioni-di-vendita","status":"publish","type":"page","link":"https:\/\/fluidworkssuspension.com\/store\/privacy-e-condizioni-di-vendita\/","title":{"rendered":"Privacy e Condizioni di Vendita"},"content":{"rendered":"<h3>Informativa sulla Privacy<\/h3>\n<p><strong>INFORMATIVA PRIVACY<\/strong><\/p>\n<p>Ai sensi dell&#8217;art. 13 del D.Lgs. n. 196\/2003 &#8211; Codice in materia di protezione dei dati personali. Questa informativa \u00e8 fornita, ai sensi dell&#8217;art. 13 del d.lgs. n. 196\/2003 (Codice in materia di protezione dei dati personali), agli Utenti che interagiscono con i servizi web Fluid Works Suspension accessibili per via telematica a partire dall\u2019indirizzo: www.fluidworkssuspension.com , corrispondente alla pagina iniziale del sito ufficiale Fluid Works Suspension. La presente informativa descrive le modalit\u00e0 di gestione del sito web ufficiale www.fluidworkssuspension.com e non anche di altri siti web esterni consultabili dall\u2019utente tramite link. Informazioni aggiuntive potranno essere fornite all\u2019interno dei differenti canali di accesso, suddivisi sulla base degli argomenti trattati (Aree Tematiche).<\/p>\n<p><strong>TIPI DI DATI TRATTATI<\/strong><\/p>\n<p>1.1. Dati di navigazione \u2013 log files I sistemi informatici e gli applicativi dedicati al funzionamento di questo sito web rilevano, nel corso del loro normale funzionamento, alcuni dati (la cui trasmissione \u00e8 implicita nell\u2019uso dei protocolli di comunicazione di Internet) non associati a Utenti direttamente identificabili. Tra i dati raccolti sono compresi gli indirizzi IP e i nomi di dominio dei computer utilizzati dagli Utenti che si connettono al sito, gli indirizzi in notazione URI (Uniform Resource Identifier) delle risorse richieste, l\u2019orario della richiesta, il metodo utilizzato nel sottoporre la richiesta al server, la dimensione del file ottenuto in risposta, il codice numerico indicante lo stato della risposta data dal server (buon fine, errore, ecc.) ed altri parametri riguardanti il sistema operativo e l\u2019ambiente informatico utilizzato dall\u2019Utente. Questi dati vengono trattati, per il tempo strettamente necessario, al solo fine di ricavare informazioni statistiche anonime sull\u2019uso del sito e per controllarne il regolare funzionamento.<\/p>\n<p>1.2. Dati forniti volontariamente dall\u2019utente L\u2019invio volontario ed esplicito di posta elettronica agli indirizzi indicati nei differenti canali di accesso di questo sito e la compilazione dei \u201cformat\u201d (maschere) specificamente predisposti comportano la successiva acquisizione dell\u2019indirizzo e dei dati del mittente\/utente, necessari per rispondere alle istanze prodotte e\/o erogare il servizio richiesto. Specifiche informative di sintesi saranno riportate o visualizzate nelle pagine del sito predisposte per particolari servizi a richiesta.<\/p>\n<p>1.3. Cookies<br \/>\nVedi &#8220;Cookies Policy&#8221; riportata pi\u00f9 avanti.<\/p>\n<p><strong>FINALITA&#8217; DEL TRATTAMENTO DEI DATI<\/strong><\/p>\n<p>Fluid Works Suspension effettua trattamenti di dati personali nei limiti di quanto ci\u00f2 sia strettamente necessario allo svolgimento delle funzioni istituzionali, escludendo il trattamento quando le finalit\u00e0 perseguite possono essere realizzate mediante dati anonimi o modalit\u00e0 che permettono di identificare l\u2019interessato solo in caso di necessit\u00e0. Specifiche finalit\u00e0, relative ai singoli trattamenti, potranno essere segnalate in maniera dettagliata nell\u2019ambito dei vari canali di accesso. All\u2019interno di essi l\u2019Utente potr\u00e0 trovare informazioni integrative sul trattamento dei dati personali.<\/p>\n<p><strong>MODALITA&#8217; DEL TRATTAMENTO<\/strong><\/p>\n<p>I dati personali sono trattati con strumenti automatizzati per il tempo strettamente necessario a conseguire gli scopi per cui sono raccolti.<\/p>\n<p><strong>FACOLTATIVITA\u2019 DEL CONFERIMENTO DEI DATI<\/strong><\/p>\n<p>L\u2019utente \u00e8 libero di fornire i dati personali riportati nei moduli di richiesta dei vari servizi offerti nel portale; il mancato conferimento dei dati richiesti obbligatoriamente, comporter\u00e0 l\u2019impossibilit\u00e0 di ottenere il servizio.<\/p>\n<p><strong>COMUNICAZIONE E\/O DIFFUSIONE DEI DATI<\/strong><\/p>\n<p>I dati personali degli utenti che chiedono l\u2019invio di materiale informativo (mailing-list, risposte a quesiti, avvisi e newsletter, atti e provvedimenti, ecc.) sono utilizzati unicamente al fine di eseguire il servizio o la prestazione richiesta e sono comunicati a terzi nei soli casi in cui:<\/p>\n<ul>\n<li>ci\u00f2 \u00e8 necessario per l\u2019adempimento delle richieste (es. servizio di spedizione della documentazione richiesta);<\/li>\n<li>la comunicazione \u00e8 imposta da obblighi di legge o di regolamento;<\/li>\n<li>durante un procedimento legale. I trattamenti connessi ai servizi web di questo sito sono curati esclusivamente da personale tecnico Leber Group, incaricato del trattamento.<\/li>\n<\/ul>\n<p><strong>IL \u201cTITOLARE\u201d DEL TRATTAMENTO<\/strong><\/p>\n<p>Il \u201ctitolare\u201d del trattamento dei dati, relativi a persone identificate o identificabili che hanno consultato questo sito, e&#8217; Fluid Works Suspension di Renato Catelan P.I. 03814770248, con sede in operativa in Via S. Pio X 215\/217 Schio VI 36015.<\/p>\n<p><strong>DIRITTI DEGLI INTERESSATI<\/strong><\/p>\n<p>Gli \u201cinteressati\u201d, ovvero le persone fisiche, le persone giuridiche, gli enti o le associazioni, cui si riferiscono i dati hanno il diritto, in qualunque momento, di ottenere la conferma dell\u2019esistenza o meno dei medesimi dati e di conoscerne i contenuto e l\u2019origine, verificarne l\u2019esattezza o chiederne l\u2019integrazione o l\u2019aggiornamento, oppure la rettificazione ai sensi dell\u2019art. 7 del D.Lgs.. 30\/06\/2003, n. 196. Ai sensi del medesimo articolo gli interessati hanno altres\u00ec il diritto di chiedere la cancellazione, la trasformazione in forma anonima o il blocco dei dati che li riguardano, trattati in violazione di legge, nonch\u00e9 di opporsi in ogni caso, per motivi legittimi, al loro trattamento.<\/p>\n<h3><em><strong>Condizioni Generali di Vendita<\/strong><\/em><\/h3>\n<p><b>I. Introduzione<\/b> \u2013 Le presenti Condizioni Generali di Vendita (di seguito le \u201cCondizioni Generali\u201d ) disciplinano la vendita dei prodotti commercializzati da \u201cFluid Workd Suspension\u00a0di Catelan Renato con sede operativa in: Via S. Pio X 215\/217 Schio VI 36015 \u2013 Partita IVA n. 01234567890\u2033 (di seguito il \u201cVenditore\u201d) impiegando esclusivamente la tecnologia di comunicazione a distanza (via Internet, telefono, fax). Tutti i contratti di acquisto di prodotti conclusi tramite il sito \u201cwww.fluidworkssuspension.com\u201d seguendo le procedure ivi indicate (on-line o via telefono), tra il Venditore e gli acquirenti (di seguito i \u201cClienti\u201d), saranno regolati dalle presenti Condizioni Generali, le quali formano parte integrante e sostanziale degli stessi.<\/p>\n<p><b>II. Modalit\u00e0 di conclusione del Contratto<\/b> \u2013 Le informazioni contenute sul sito www.fluidworkssuspension.com non devono essere considerate offerte: esse costituiscono semplicemente un invito ad offrire. La proposta di acquisto (ordine) viene da Lei formulata al momento dell\u2019invio del modulo contenente le caratteristiche della merce richiesta, del prezzo, della modalit\u00e0 di pagamento prescelta e dei termini di consegna (modulo d\u2019ordine). Una volta inviato definitivamente il modulo d\u2019ordine, viene visualizzata una pagina riepilogativa dell\u2019ordine ed inviata una e-mail di conferma della ricezione dell\u2019ordine contenente tutte le informazioni necessarie per completare l\u2019acquisto. Tutti gli ordini sono soggetti all\u2019accettazione da parte del Venditore che si riserva, a sua insindacabile scelta, il diritto di annullare qualsiasi ordine 1) in caso di errori materiali connessi con l\u2019ordine del Cliente o con le informazioni inviate dal Cliente tramite il sito www.fluidworkssuspension.com; 2) nei caso in cui il Cliente non soddisfi le Condizioni Generali di Vendita elencate nel presente documento 3) o le condizioni particolari indicate nel sito www.fluidworkssuspension.com nella sezione dedicata alle informazioni sulle modalit\u00e0 di acquisto.<\/p>\n<p><b>III. Prezzi e Condizioni di Pagamento<\/b> \u2013 Tutti i prezzi inseriti nel sito sono da intendersi prezzi IVA inclusa. I prezzi di vendita dei Prodotti, le spese di spedizione e i pagamenti saranno quelli scelti dal cliente nel sito www.fluidworkssuspension.com al momento dell\u2019invio dell\u2019ordine. Il Cliente dovr\u00e0 notificare immediatamente al Venditore ogni errore od omissione di ogni tipo nelle condizioni di pagamento e nei prezzi, contenuti nella pagina riepilogativa dell\u2019ordine e\/o nella e-mail di conferma dell\u2019ordine.<\/p>\n<p>Il Venditore si riserva il diritto di cambiare i prezzi pubblicati in questo sito in qualsiasi momento. I prezzi dei prodotti di volta in volta pubblicati annullano e sostituiscono quelli precedenti e sono subordinati alla effettiva disponibilit\u00e0 dei prodotti.<\/p>\n<p>Il Venditore si riserva altres\u00ec la facolt\u00e0 di cambiare le condizioni di pagamento in ogni momento quando, secondo la sua opinione, le condizioni finanziarie del Cliente, le registrazioni di pagamenti precedenti o la natura del suo rapporto con il Venditore, suggerissero tali cambiamenti.<\/p>\n<p>Resta inteso che una volta effettuato e confermato l\u2019ordine \u00a0i prezzi della merce acquistata non potranno subire variazioni.<\/p>\n<p><b>IV. Modalit\u00e0 di Pagamento<\/b> \u2013 Il Cliente si impegna a corrispondere il prezzo dei Prodotti ordinati mediante una delle seguenti modalit\u00e0 di pagamento:<\/p>\n<ul>\n<li><b>Bonifico bancario<\/b>: da eseguire a favore del Venditore e alle coordinate bancarie che verranno indicate al momento dell\u2019inserimento\/conferma d\u2019ordine.<\/li>\n<li><b>Paypal<\/b>: pagamento a mezzo carta di credito o account Paypal, da effettuarsi seguendo le procedure riportate sul sito www.paypal.com<\/li>\n<li><strong>Contrassegno:\u00a0<\/strong>disponibile con sovrapprezzo, prevede il pagamento in contanti al corriere.<\/li>\n<\/ul>\n<p><b>V. Diritto di Recesso<\/b> \u2013 Ai sensi dell\u2019articolo 3 del D.lgs. 185\/99, relativo alla protezione dei consumatori in materia di contratti a distanza, il Cliente, che per qualsiasi ragione non si ritenesse soddisfatto dall\u2019acquisto effettuato, ha diritto di recedere dal contratto di vendita, senza alcuna penalit\u00e0 e senza specificarne il motivo, entro il termine di 10 giorni lavorativi decorrente dal giorno del ricevimento dei Prodotti.<\/p>\n<p>Il recesso deve essere esercitato inviando entro il termine di cui sopra previsto a pena di decadenza, una comunicazione scritta mediante lettera raccomandata con avviso di ritorno (A\/R) che espliciti la volont\u00e0 di recedere dal contratto concluso.<\/p>\n<p>Tale comunicazione dovr\u00e0 essere indirizzata \u00a0Fluid Works Suspension &#8211; Via S. Pio X 215\/217 Schio &#8211; 36015 (VI).<\/p>\n<p>Qualora il Cliente eserciti il diritto di recesso, dovr\u00e0 inoltre provvedere a Sue spese alla restituzione della merce INTEGRA e NON USATA (nella sua confezione originale)<\/p>\n<p>La restituzione dovr\u00e0 avvenire entro e non oltre il termine di 10 giorni lavorativi con pacco assicurato in porto franco presso la sede del Venditore.<\/p>\n<p>Non verranno ritirati in nessun caso pacchi in contrassegno ne\u2019 in porto assegnato.<\/p>\n<p>Se il diritto di recesso e\u2019 stato esercitato secondo le presenti istruzioni, il Venditore Le rimborser\u00e0 gratuitamente le somme da Lei versate per l\u2019acquisto della merce (con l\u2019esclusione delle spese relative alla spedizione ed alla restituzione della merce, che restano a carico del Cliente e dei casi specificati di seguito), entro un termine di 30 giorni.<\/p>\n<p>In base al D.Lgs. 185\/99, il diritto di recesso non pu\u00f2 essere esercitato per i contratti:<\/p>\n<ul>\n<li>a. di fornitura di beni e servizi il cui prezzo e\u2019 legato a fluttuazioni dei tassi del mercato finanziario che il fornitore non e\u2019 in grado di controllare;<\/li>\n<li>b. di fornitura di beni confezionati su misura o chiaramente personalizzati o che, per loro natura non possono essere rispediti o rischiano di deteriorarsi o alterarsi rapidamente;<\/li>\n<li>c. di fornitura di prodotti audiovisivi o di software informatici sigillati, aperti dal Consumatore;<\/li>\n<li>d. di prodotti non disponibili presso il fornitore ed acquistati su specifico ordine del Consumatore.<\/li>\n<\/ul>\n<p>Il Venditore si riserva di richiedere, per altre merci non riconducibili alle categorie sopra citate, l\u2019esplicita rinuncia all\u2019esercizio del diritto di recesso da parte Cliente.<\/p>\n<p>Il diritto di recesso \u00e8 esercitatile solo dai consumatori che acquistano con scontrino e non con fattura e partita Iva e per i quali l\u2019utilizzo del bene non rientra nell\u2019attivit\u00e0 professionale, in quanto la legge si applica solamente agli utenti non professionali.<\/p>\n<p><b>VI. Accettazione e Restituzioni<\/b> \u2013 I Prodotti si riterranno accettati da parte del Cliente al momento della loro consegna. Fatto salvo il caso in cui il Cliente eserciti il diritto di recesso, tale accettazione si presume fino a quando il Cliente non comunichi al Venditore, nel pi\u00f9 breve tempo possibile ed in ogni caso non oltre 14 giorni lavorativi dal giorno del ricevimento dei Prodotti, che i Prodotti stessi sono stati consegnati in condizioni di inoperabilit\u00e0 o comunque sono difettosi. A seguito di tale ultima comunicazione, il Venditore provveder\u00e0, a sua scelta, a sostituire i prodotti difettosi o a rimborsare l\u2019importo pagato dal Cliente per il loro acquisto. Il Venditore ha facolt\u00e0 di testare i Prodotti al momento della loro restituzione e di addebitare al Cliente ogni costo sostenuto dal Venditore in caso di falsa denuncia di inoperabilit\u00e0 o difettosit\u00e0 dei Prodotti.<\/p>\n<p>&nbsp;<\/p>\n<h3>Cookies Policy<\/h3>\n<p>La presente Cookie Policy ha lo scopo di descrivere all\u2019utente\/visitatore del sito le modalit\u00e0 di gestione dei cookie.<\/p>\n<p>La presente informativa \u00e8 resa alla luce del Provvedimento del Garante per la protezione dei dati personali dell\u20198 maggio 2014 recante l\u2019 \u201cIndividuazione delle modalit\u00e0 semplificate per l\u2019informativa e l\u2019acquisizione del consenso per l\u2019uso dei cookie\u201d (di seguito, il \u201cProvvedimento\u201d), nel rispetto dell\u2019art. 13 del D.lgs. 196\/2003 (di seguito, \u201cCodice Privacy\u201d).<\/p>\n<p>Titolare del trattamento \u00e8 il legale rappresentante di Fluid Works Suspension\u00a0con sede in\u00a0Via S. Pio X 215\/217 Schio &#8211; 36015 (VI).<\/p>\n<p>Si invita l\u2019Utente a leggere attentamente la presente Cookie Policy prima di proseguire nella navigazione del Sito.<\/p>\n<p><strong>Cookie di profilazione<\/strong><br \/>\nIl Sito utilizza anche cookie di profilazione che perseguono finalit\u00e0 di analisi dei comportamenti dell\u2019Utente per migliorare l\u2019esperienza di navigazione del Sito e per finalit\u00e0 di marketing. L\u2019utilizzo dei cookie di profilazione necessita dell\u2019acquisizione preventiva del libero consenso informato dell\u2019Utente ai sensi dell\u2019art. 23 del Codice Privacy. A tal fine, il Sito acquisisce il consenso dell\u2019Utente nelle forme previste dal Provvedimento attraverso il banner che compare alla prima visita del Sito. Il consenso pu\u00f2 essere revocato in ogni momento, disabilitando il corrispettivo cookie. La mancata prestazione del consenso all\u2019utilizzo dei cookie di profilazione non interferir\u00e0 sulla possibilit\u00e0 di accedere al Sito, salvo l\u2019impossibilit\u00e0 di accedere a quelle funzioni o contenuti che fanno utilizzo di tali cookie.<br \/>\n<strong>Cookie di terza parte<\/strong><br \/>\nNel corso della navigazione sul Sito, l\u2019Utente potrebbe ricevere sul proprio terminale anche cookie di siti o di web server di soggetti terzi (c.d. cookie di \u201cterze parti\u201d): ci\u00f2 accade perch\u00e9 sul Sito possono essere presenti elementi come, ad esempio, immagini, mappe, suoni, specifici link a pagine web di altri domini che risiedono su server diversi da quello sul quale si trova la pagina richiesta. In altre parole, detti cookie sono impostati direttamente da gestori di siti web o server diversi dal Sito. Questi terzi potrebbero in teoria impostare cookie mentre visitate il Sito e ottenere cos\u00ec informazioni relative al fatto che avete visitato il Sito. Troverete maggiori informazioni sull\u2019impiego dei cookie accedendo al link indicato. Se l\u2019Utente decide di non prestare il proprio consenso all\u2019archiviazione di cookie di terze parti, l\u2019Utente potr\u00e0 utilizzare esclusivamente le funzioni del Sito, che non richiedono l\u2019archiviazione di tali cookie.<\/p>\n<p>Per ulteriori informazioni potete visitare il seguente sito:\u00a0www.youronlinechoices.com\/it\/<\/p>\n<p><strong>Come disabilitare i cookie<\/strong><br \/>\nLa maggioranza dei browser \u00e8 inizialmente impostata per accettare i cookie in modo automatico. L\u2019Utente pu\u00f2 modificare tale impostazione per bloccare i cookie o per evitare che alcuni cookie vengano archiviati sul proprio dispositivo. Esistono diversi modi per gestire i cookie. L\u2019Utente pu\u00f2 fare riferimento alla guida tecnica e\/o alla schermata di aiuto del proprio browser per gestire o modificare le impostazioni del browser. In caso di dispositivi diversi (per esempio, computer, smartphone, tablet, ecc.), l\u2019Utente dovr\u00e0 assicurarsi che le impostazioni del browser di ciascun dispositivo siano configurate in modo tale da riflettere le proprie preferenze relative ai cookie.<\/p>\n<p>A titolo esemplificativo riportiamo qui di seguito alcuni link alla documentazione online dei principali browser:<\/p>\n<p>Internet Explorer \u00ae:\u00a0http:\/\/windows.microsoft.com\/it-IT\/windows-vista\/Block-or-allow-cookies<\/p>\n<p>Safari \u00ae:\u00a0http:\/\/www.apple.com\/it\/support\/<\/p>\n<p>Chrome \u00ae:\u00a0https:\/\/support.google.com\/chrome\/answer\/95647?hl=it&amp;hlrm=en<\/p>\n<p>Firefox \u00ae:\u00a0http:\/\/support.mozilla.org\/it\/kb\/Attivare%20e%20disattivare%20i%20cookie<\/p>\n<p>Opera \u00ae:\u00a0http:\/\/help.opera.com\/Windows\/10.20\/it\/cookies.html<\/p>\n<p><strong>Diritti dell\u2019Utente<\/strong><br \/>\nIn relazione ai dati personali raccolti, l\u2019Utente potr\u00e0 esercitare, in qualsiasi momento, anche a mezzo delega, i diritti previsti ai sensi dell\u2019articolo 7 del Codice Privacy e, in particolare, avr\u00e0 il diritto di conoscere, correggere e modificare i propri dati personali e di opporsi, per motivi legittimi, al loro utilizzo nonch\u00e9 di richiedere la cancellazione dei dati trattati in violazione di legge.<\/p>\n<p>Potr\u00e0 esercitare tali diritti contattando il Titolare, ai recapiti di seguito indicato.<\/p>\n<p><strong>Contatti<\/strong><br \/>\nFluid Workd Suspension- Via S. Pio X 215\/217 Schio &#8211; 36015 (VI) | email: info@fluidworkssuspension.com | P.I.\u00a003814770248<\/p>\n","protected":false},"excerpt":{"rendered":"<p>Informativa sulla Privacy INFORMATIVA PRIVACY Ai sensi dell&#8217;art. 13 del D.Lgs. n. 196\/2003 &#8211; Codice in materia di protezione dei dati personali. Questa informativa \u00e8 fornita, ai sensi dell&#8217;art. 13 del d.lgs. n. 196\/2003 (Codice in materia di protezione dei &hellip; <a class=\"kt-excerpt-readmore\" href=\"https:\/\/fluidworkssuspension.com\/store\/privacy-e-condizioni-di-vendita\/\" aria-label=\"Privacy e Condizioni di Vendita\">Continua a leggere<\/a><\/p>\n","protected":false},"author":1,"featured_media":0,"parent":0,"menu_order":0,"comment_status":"closed","ping_status":"closed","template":"","meta":{"_joinchat":[],"footnotes":""},"_links":{"self":[{"href":"https:\/\/fluidworkssuspension.com\/store\/wp-json\/wp\/v2\/pages\/797"}],"collection":[{"href":"https:\/\/fluidworkssuspension.com\/store\/wp-json\/wp\/v2\/pages"}],"about":[{"href":"https:\/\/fluidworkssuspension.com\/store\/wp-json\/wp\/v2\/types\/page"}],"author":[{"embeddable":true,"href":"https:\/\/fluidworkssuspension.com\/store\/wp-json\/wp\/v2\/users\/1"}],"replies":[{"embeddable":true,"href":"https:\/\/fluidworkssuspension.com\/store\/wp-json\/wp\/v2\/comments?post=797"}],"version-history":[{"count":4,"href":"https:\/\/fluidworkssuspension.com\/store\/wp-json\/wp\/v2\/pages\/797\/revisions"}],"predecessor-version":[{"id":814,"href":"https:\/\/fluidworkssuspension.com\/store\/wp-json\/wp\/v2\/pages\/797\/revisions\/814"}],"wp:attachment":[{"href":"https:\/\/fluidworkssuspension.com\/store\/wp-json\/wp\/v2\/media?parent=797"}],"curies":[{"name":"wp","href":"https:\/\/api.w.org\/{rel}","templated":true}]}}