{"id":3498,"date":"2025-09-05T11:22:55","date_gmt":"2025-09-05T09:22:55","guid":{"rendered":"https:\/\/fluidworkssuspension.com\/store\/?post_type=product&#038;p=3498"},"modified":"2025-09-08T11:18:40","modified_gmt":"2025-09-08T09:18:40","slug":"lefty-ocho-oliver","status":"publish","type":"product","link":"https:\/\/fluidworkssuspension.com\/store\/prodotto\/lefty-ocho-oliver\/","title":{"rendered":"Lefty Ocho Oliver (>2020)"},"content":{"rendered":"<h2>Lefty Ocho Oliver<\/h2>\n<p>Effettuiamo la revisione della parte pneumatica, idraulica\/pneumatica oppure telescopica della tua forcella, seleziona la revisione che ti interessa effettuare ed aggiungila al carrello. Cannondale consiglia di effettuare le revisioni seguendo queste tempistiche di utilizzo:<\/p>\n<p>Pneumatica (100h) &#8211; Il nostro service delle 100h include anche la revisione della parte telescopica<\/p>\n<p>Telescopica+cartuccia idraulica+pneumatica (200h) &#8211; Se la revisione 100h \u00e8 stata effettuata presso di noi, la revisione cartuccia andr\u00e0 effettuata dopo 300h di utilizzo<\/p>\n\n<div class=\"panel-group\" id=\"accordionname99\"><div class=\"panel panel-default panel-even\"><div class=\"panel-heading\"><a class=\"accordion-toggle collapsed\" data-toggle=\"collapse\" data-parent=\"#accordionname99\" href=\"#collapse990\"><h5><i class=\"icon-minus primary-color\"><\/i><i class=\"icon-plus\"><\/i>Aumento corsa a 40mm<\/h5><\/a><\/div><div id=\"collapse990\" class=\"panel-collapse collapse \"><div class=\"panel-body postclass\">\n<p>Sui modelli precedenti al 2024, consigliamo di aumentare l\u2019escursione a 40mm, sia per sfruttare al massimo la forcella, sia per aprire leggermente l\u2019angolo sterzo cos\u00ec da avere una bici pi\u00f9 guidabile sui tratti tecnici. <strong>L&#8217;aumento corsa \u00e8 disponibile solo su bici con ruote 650b.<\/strong><\/p>\n<\/div><\/div><\/div>\n<div class=\"panel panel-default panel-odd\"><div class=\"panel-heading\"><a class=\"accordion-toggle collapsed\" data-toggle=\"collapse\" data-parent=\"#accordionname99\" href=\"#collapse991\"><h5><i class=\"icon-minus primary-color\"><\/i><i class=\"icon-plus\"><\/i>Modifica per utilizzo con ruote 700c<\/h5><\/a><\/div><div id=\"collapse991\" class=\"panel-collapse collapse \"><div class=\"panel-body postclass\">\n<p>La modifica in oggetto permette di utilizzare ruote 700c dove non presenti di serie, mantenendo l&#8217;escursione a 30mm (non modificabile)<\/p>\n<\/div><\/div><\/div><\/div>\n\n<p><a href=\"https:\/\/fluidworkssuspension.com\/store\/?attachment_id=3504\" rel=\"attachment wp-att-3504\"><img loading=\"lazy\" decoding=\"async\" class=\"alignnone size-large wp-image-3504\" src=\"http:\/\/fluidworkssuspension.com\/store\/wp-content\/uploads\/C_CP9001U_LeftyOliver_PD-1024x709.webp\" alt=\"\" width=\"1024\" height=\"709\" data-id=\"3504\" srcset=\"https:\/\/fluidworkssuspension.com\/store\/wp-content\/uploads\/C_CP9001U_LeftyOliver_PD-1024x709.webp 1024w, https:\/\/fluidworkssuspension.com\/store\/wp-content\/uploads\/C_CP9001U_LeftyOliver_PD-300x208.webp 300w, https:\/\/fluidworkssuspension.com\/store\/wp-content\/uploads\/C_CP9001U_LeftyOliver_PD-520x360.webp 520w, https:\/\/fluidworkssuspension.com\/store\/wp-content\/uploads\/C_CP9001U_LeftyOliver_PD-260x180.webp 260w, https:\/\/fluidworkssuspension.com\/store\/wp-content\/uploads\/C_CP9001U_LeftyOliver_PD.webp 1100w\" sizes=\"(max-width: 1024px) 100vw, 1024px\" \/><\/a><\/p>\n","protected":false},"excerpt":{"rendered":"<p>Scegli la tipologia di service\/tuning che ti interessa.<\/p>\n","protected":false},"featured_media":3504,"comment_status":"closed","ping_status":"closed","template":"","meta":{"_joinchat":[]},"product_cat":[18,35],"product_tag":[],"_links":{"self":[{"href":"https:\/\/fluidworkssuspension.com\/store\/wp-json\/wp\/v2\/product\/3498"}],"collection":[{"href":"https:\/\/fluidworkssuspension.com\/store\/wp-json\/wp\/v2\/product"}],"about":[{"href":"https:\/\/fluidworkssuspension.com\/store\/wp-json\/wp\/v2\/types\/product"}],"replies":[{"embeddable":true,"href":"https:\/\/fluidworkssuspension.com\/store\/wp-json\/wp\/v2\/comments?post=3498"}],"wp:featuredmedia":[{"embeddable":true,"href":"https:\/\/fluidworkssuspension.com\/store\/wp-json\/wp\/v2\/media\/3504"}],"wp:attachment":[{"href":"https:\/\/fluidworkssuspension.com\/store\/wp-json\/wp\/v2\/media?parent=3498"}],"wp:term":[{"taxonomy":"product_cat","embeddable":true,"href":"https:\/\/fluidworkssuspension.com\/store\/wp-json\/wp\/v2\/product_cat?post=3498"},{"taxonomy":"product_tag","embeddable":true,"href":"https:\/\/fluidworkssuspension.com\/store\/wp-json\/wp\/v2\/product_tag?post=3498"}],"curies":[{"name":"wp","href":"https:\/\/api.w.org\/{rel}","templated":true}]}}