{"id":682,"date":"2016-11-06T16:42:29","date_gmt":"2016-11-06T15:42:29","guid":{"rendered":"http:\/\/fluidworkssuspension.com\/store\/prodotto\/revisione-ordinaria-forcelle-fox\/"},"modified":"2025-12-11T08:33:21","modified_gmt":"2025-12-11T07:33:21","slug":"revisione-ordinaria-forcelle-fox","status":"publish","type":"product","link":"https:\/\/fluidworkssuspension.com\/store\/prodotto\/revisione-ordinaria-forcelle-fox\/","title":{"rendered":"Fox"},"content":{"rendered":"<h2>Forcelle Fox<\/h2>\n<h3>Revisione completa<\/h3>\n<p>Effettuiamo la revisione completa della tua forcella Fox, clicca i pulsanti seguenti per scoprire cosa comprende e per quali modelli di forcelle \u00e8 possibile effettuarla.<\/p>\n\n<div class=\"panel-group\" id=\"accordionname25\"><div class=\"panel panel-default panel-even\"><div class=\"panel-heading\"><a class=\"accordion-toggle collapsed\" data-toggle=\"collapse\" data-parent=\"#accordionname25\" href=\"#collapse250\"><h5><i class=\"icon-minus primary-color\"><\/i><i class=\"icon-plus\"><\/i>Cosa comprende la revisione completa<\/h5><\/a><\/div><div id=\"collapse250\" class=\"panel-collapse collapse \"><div class=\"panel-body postclass\">\n<p><strong>Revisione completa Forcelle Fox<\/strong><\/p>\n<p>Gli interventi di revisione completa per le forcelle Fox comprendono:<\/p>\n<ul>\n<li>smontaggio<\/li>\n<li>pulizia completa<\/li>\n<li>spurgo cartuccia sottovuoto\u00a0(versioni FiT)<\/li>\n<li>sostituzione parapolvere con componenti SKF ad alta scorrevolezza<\/li>\n<\/ul>\n<\/div><\/div><\/div>\n<div class=\"panel panel-default panel-odd\"><div class=\"panel-heading\"><a class=\"accordion-toggle collapsed\" data-toggle=\"collapse\" data-parent=\"#accordionname25\" href=\"#collapse251\"><h5><i class=\"icon-minus primary-color\"><\/i><i class=\"icon-plus\"><\/i>Disponibile per le seguenti forcelle Fox<\/h5><\/a><\/div><div id=\"collapse251\" class=\"panel-collapse collapse \"><div class=\"panel-body postclass\">\n<p><strong>La revisione completa \u00e8 disponibile per i seguenti modelli di forcelle Fox ( se non sai che modello \u00e8 mandaci l&#8217;ID code che trovi sotto al parapolvere sinistro o il numero di serie sul retro della testa tramite mail o Whatsapp) :<\/strong><\/p>\n<ul>\n<li><strong>N.B. REVISIONI SU FORCELLE CON CARTUCCE EVOLUTION PREVIO ACCORDI E VALUTAZIONE CONDIZIONI GENERALI<br \/>\n<\/strong><\/li>\n<li>32 (O\/B, FiT, Terralogic, X, CTD, RL, RLC, etc)<\/li>\n<li>34 (CTD, Fit4,GRIP, GRIP2,etc)<\/li>\n<li>36 (RC2,Fit4,GRIP, GRIP2,etc)<\/li>\n<li>38 (Fit4,GRIP, GRIP2, etc)<\/li>\n<li>40 (R,RC2,GRIP, GRIP2, etc)<\/li>\n<li>TALAS: sistema di variazione corsa, viene revisionato completamente (con tenute speciali a basso attrito) tranne la versione idraulica TALAS5<\/li>\n<\/ul>\n<p><a href=\"http:\/\/fluidworkssuspension.com\/store\/prodotto\/revisione-ordinaria-forcelle-fox\/34-fs-specs-01\/\" rel=\"attachment wp-att-995\"><img loading=\"lazy\" decoding=\"async\" class=\"alignnone wp-image-995\" src=\"http:\/\/fluidworkssuspension.com\/store\/wp-content\/uploads\/34-fs-specs-01.jpg\" alt=\"\" width=\"200\" height=\"400\" data-id=\"995\" srcset=\"https:\/\/fluidworkssuspension.com\/store\/wp-content\/uploads\/34-fs-specs-01.jpg 500w, https:\/\/fluidworkssuspension.com\/store\/wp-content\/uploads\/34-fs-specs-01-150x300.jpg 150w\" sizes=\"(max-width: 200px) 100vw, 200px\" \/><\/a> <a href=\"http:\/\/fluidworkssuspension.com\/store\/prodotto\/revisione-ordinaria-forcelle-fox\/40-fs-specs-01\/\" rel=\"attachment wp-att-996\"><img loading=\"lazy\" decoding=\"async\" class=\"alignnone wp-image-996\" src=\"http:\/\/fluidworkssuspension.com\/store\/wp-content\/uploads\/40-fs-specs-01.jpg\" alt=\"\" width=\"200\" height=\"400\" data-id=\"996\" srcset=\"https:\/\/fluidworkssuspension.com\/store\/wp-content\/uploads\/40-fs-specs-01.jpg 500w, https:\/\/fluidworkssuspension.com\/store\/wp-content\/uploads\/40-fs-specs-01-150x300.jpg 150w\" sizes=\"(max-width: 200px) 100vw, 200px\" \/><\/a> <a href=\"http:\/\/fluidworkssuspension.com\/store\/prodotto\/revisione-ordinaria-forcelle-fox\/fk200a14\/\" rel=\"attachment wp-att-997\"><img loading=\"lazy\" decoding=\"async\" class=\"alignnone wp-image-997\" src=\"http:\/\/fluidworkssuspension.com\/store\/wp-content\/uploads\/fk200a14.jpg\" alt=\"\" width=\"282\" height=\"399\" data-id=\"997\" srcset=\"https:\/\/fluidworkssuspension.com\/store\/wp-content\/uploads\/fk200a14.jpg 594w, https:\/\/fluidworkssuspension.com\/store\/wp-content\/uploads\/fk200a14-212x300.jpg 212w\" sizes=\"(max-width: 282px) 100vw, 282px\" \/><\/a> <a href=\"http:\/\/fluidworkssuspension.com\/store\/prodotto\/revisione-ordinaria-forcelle-fox\/2017-fox-32-sc-lightweight-xc-suspension-fork-details22\/\" rel=\"attachment wp-att-998\"><img loading=\"lazy\" decoding=\"async\" class=\"alignnone wp-image-998\" src=\"http:\/\/fluidworkssuspension.com\/store\/wp-content\/uploads\/2017-Fox-32-SC-lightweight-xc-suspension-fork-details22.jpg\" alt=\"\" width=\"549\" height=\"400\" data-id=\"998\" srcset=\"https:\/\/fluidworkssuspension.com\/store\/wp-content\/uploads\/2017-Fox-32-SC-lightweight-xc-suspension-fork-details22.jpg 1000w, https:\/\/fluidworkssuspension.com\/store\/wp-content\/uploads\/2017-Fox-32-SC-lightweight-xc-suspension-fork-details22-300x218.jpg 300w\" sizes=\"(max-width: 549px) 100vw, 549px\" \/><\/a><\/p>\n<\/div><\/div><\/div>\n<div class=\"panel panel-default panel-even\"><div class=\"panel-heading\"><a class=\"accordion-toggle collapsed\" data-toggle=\"collapse\" data-parent=\"#accordionname25\" href=\"#collapse252\"><h5><i class=\"icon-minus primary-color\"><\/i><i class=\"icon-plus\"><\/i>Tuning<\/h5><\/a><\/div><div id=\"collapse252\" class=\"panel-collapse collapse \"><div class=\"panel-body postclass\">\n<ul>\n<li>Le opzioni di tuning disponibili per le forcelle FOX sono:<br \/>\n\u2022 variazione corsa (dipende dal modello)<br \/>\n\u2022 kit pistone Andreani (trasforma letteralmente le performances della forcella, <a href=\"http:\/\/fluidworkssuspension.com\/store\/prodotto\/kit-pistone-andreani\/\">vedi pagina dedicata<\/a>)<\/li>\n<li>Altre richieste di personalizzazione e tataura da valutare assieme (blocco pi\u00f9 sostenuto, maggioreprogressione, maggior sostegno in frenata, etc)<\/li>\n<\/ul>\n<p><a href=\"http:\/\/fluidworkssuspension.com\/store\/prodotto\/revisione-ordinaria-forcelle-fox\/kit-pistone-andreani\/\" rel=\"attachment wp-att-993\"><img loading=\"lazy\" decoding=\"async\" class=\"alignnone wp-image-993\" src=\"http:\/\/fluidworkssuspension.com\/store\/wp-content\/uploads\/kit-pistone-andreani.jpg\" alt=\"\" width=\"599\" height=\"401\" data-id=\"993\" srcset=\"https:\/\/fluidworkssuspension.com\/store\/wp-content\/uploads\/kit-pistone-andreani.jpg 800w, https:\/\/fluidworkssuspension.com\/store\/wp-content\/uploads\/kit-pistone-andreani-300x201.jpg 300w, https:\/\/fluidworkssuspension.com\/store\/wp-content\/uploads\/kit-pistone-andreani-272x182.jpg 272w\" sizes=\"(max-width: 599px) 100vw, 599px\" \/><\/a><a href=\"http:\/\/fluidworkssuspension.com\/store\/prodotto\/revisione-ordinaria-forcelle-fox\/fox-34-and-32-revised-seal-head-600x366\/\" rel=\"attachment wp-att-1006\"><img loading=\"lazy\" decoding=\"async\" class=\"alignnone wp-image-1006\" src=\"http:\/\/fluidworkssuspension.com\/store\/wp-content\/uploads\/Fox-34-and-32-Revised-seal-head-600x366.jpg\" alt=\"\" width=\"400\" height=\"244\" data-id=\"1006\" srcset=\"https:\/\/fluidworkssuspension.com\/store\/wp-content\/uploads\/Fox-34-and-32-Revised-seal-head-600x366.jpg 600w, https:\/\/fluidworkssuspension.com\/store\/wp-content\/uploads\/Fox-34-and-32-Revised-seal-head-600x366-300x183.jpg 300w, https:\/\/fluidworkssuspension.com\/store\/wp-content\/uploads\/Fox-34-and-32-Revised-seal-head-600x366-80x50.jpg 80w\" sizes=\"(max-width: 400px) 100vw, 400px\" \/><\/a><\/p>\n<p>&nbsp;<\/p>\n<\/div><\/div><\/div>\n<div class=\"panel panel-default panel-odd\"><div class=\"panel-heading\"><a class=\"accordion-toggle collapsed\" data-toggle=\"collapse\" data-parent=\"#accordionname25\" href=\"#collapse253\"><h5><i class=\"icon-minus primary-color\"><\/i><i class=\"icon-plus\"><\/i>Sostituzione Boccole<\/h5><\/a><\/div><div id=\"collapse253\" class=\"panel-collapse collapse \"><div class=\"panel-body postclass\">\n<p>La sostituzione delle boccole si rende ncessaria quando c&#8217;\u00e8 un gioco eccessivo tra steli e foderi, percepibile appoggiando un dito tra parapolvere e stelo. C&#8217;\u00e8 tuttavia da dire che un minimo di gioco \u00e8 necessario per ottenere la migliore scorrevolezza della forcella e quindi se \u00e8 -appunto- minimo \u00e8 da considerarsi normale. Attenzione a non farsi ingannare dal gioco pastiglie-pinza freno anteriore (nella classica prova che si fa frenando con la ruota anteriore per verificare il problema) o l&#8217;eventuale gioco della serie sterzo.<\/p>\n<p>&nbsp;<\/p>\n<p><a href=\"https:\/\/fluidworkssuspension.com\/store\/?attachment_id=3197\" rel=\"attachment wp-att-3197\"><img loading=\"lazy\" decoding=\"async\" class=\"alignnone wp-image-3197\" src=\"http:\/\/fluidworkssuspension.com\/store\/wp-content\/uploads\/whitepages_frictionstory_3828_1816x1210.webp\" alt=\"\" width=\"466\" height=\"310\" data-id=\"3197\" srcset=\"https:\/\/fluidworkssuspension.com\/store\/wp-content\/uploads\/whitepages_frictionstory_3828_1816x1210.webp 908w, https:\/\/fluidworkssuspension.com\/store\/wp-content\/uploads\/whitepages_frictionstory_3828_1816x1210-300x200.webp 300w, https:\/\/fluidworkssuspension.com\/store\/wp-content\/uploads\/whitepages_frictionstory_3828_1816x1210-272x182.webp 272w\" sizes=\"(max-width: 466px) 100vw, 466px\" \/><\/a><a href=\"https:\/\/fluidworkssuspension.com\/store\/?attachment_id=3195\" rel=\"attachment wp-att-3195\"><img loading=\"lazy\" decoding=\"async\" class=\"alignnone wp-image-3195\" src=\"http:\/\/fluidworkssuspension.com\/store\/wp-content\/uploads\/Fox_Lower_Leg_Bushing_Kit_800x800.jpg\" alt=\"\" width=\"437\" height=\"431\" data-id=\"3195\" srcset=\"https:\/\/fluidworkssuspension.com\/store\/wp-content\/uploads\/Fox_Lower_Leg_Bushing_Kit_800x800.jpg 800w, https:\/\/fluidworkssuspension.com\/store\/wp-content\/uploads\/Fox_Lower_Leg_Bushing_Kit_800x800-100x100.jpg 100w, https:\/\/fluidworkssuspension.com\/store\/wp-content\/uploads\/Fox_Lower_Leg_Bushing_Kit_800x800-300x296.jpg 300w\" sizes=\"(max-width: 437px) 100vw, 437px\" \/><\/a><\/p>\n<p>&nbsp;<\/p>\n<p><a href=\"https:\/\/fluidworkssuspension.com\/store\/?attachment_id=3198\" rel=\"attachment wp-att-3198\"><img loading=\"lazy\" decoding=\"async\" class=\" wp-image-3198\" src=\"http:\/\/fluidworkssuspension.com\/store\/wp-content\/uploads\/Brake-and-Shock-Cleaning-IMG_3546-1152x1536-1-768x1024.jpg\" alt=\"\" width=\"436\" height=\"582\" data-id=\"3198\" srcset=\"https:\/\/fluidworkssuspension.com\/store\/wp-content\/uploads\/Brake-and-Shock-Cleaning-IMG_3546-1152x1536-1-768x1024.jpg 768w, https:\/\/fluidworkssuspension.com\/store\/wp-content\/uploads\/Brake-and-Shock-Cleaning-IMG_3546-1152x1536-1-225x300.jpg 225w, https:\/\/fluidworkssuspension.com\/store\/wp-content\/uploads\/Brake-and-Shock-Cleaning-IMG_3546-1152x1536-1.jpg 1152w\" sizes=\"(max-width: 436px) 100vw, 436px\" \/><\/a><a href=\"https:\/\/fluidworkssuspension.com\/store\/?attachment_id=3196\" rel=\"attachment wp-att-3196\"><img loading=\"lazy\" decoding=\"async\" class=\"alignnone wp-image-3196\" src=\"http:\/\/fluidworkssuspension.com\/store\/wp-content\/uploads\/PXL_20210325_145829879.PORTRAIT-768x1024-1.webp\" alt=\"\" width=\"437\" height=\"583\" data-id=\"3196\" srcset=\"https:\/\/fluidworkssuspension.com\/store\/wp-content\/uploads\/PXL_20210325_145829879.PORTRAIT-768x1024-1.webp 768w, https:\/\/fluidworkssuspension.com\/store\/wp-content\/uploads\/PXL_20210325_145829879.PORTRAIT-768x1024-1-225x300.webp 225w\" sizes=\"(max-width: 437px) 100vw, 437px\" \/><\/a><\/p>\n<div class=\"mceTemp\"><\/div>\n<p>&nbsp;<\/p>\n<p>&nbsp;<\/p>\n<\/div><\/div><\/div><\/div>\n\n","protected":false},"excerpt":{"rendered":"<div class=\"woocommerce-product-details__short-description\">\n<p>Scegli la tipologia di service\/tuning che ti interessa:<\/p>\n<\/div>\n","protected":false},"featured_media":3099,"comment_status":"closed","ping_status":"closed","template":"","meta":{"_joinchat":[]},"product_cat":[18,36],"product_tag":[],"_links":{"self":[{"href":"https:\/\/fluidworkssuspension.com\/store\/wp-json\/wp\/v2\/product\/682"}],"collection":[{"href":"https:\/\/fluidworkssuspension.com\/store\/wp-json\/wp\/v2\/product"}],"about":[{"href":"https:\/\/fluidworkssuspension.com\/store\/wp-json\/wp\/v2\/types\/product"}],"replies":[{"embeddable":true,"href":"https:\/\/fluidworkssuspension.com\/store\/wp-json\/wp\/v2\/comments?post=682"}],"wp:featuredmedia":[{"embeddable":true,"href":"https:\/\/fluidworkssuspension.com\/store\/wp-json\/wp\/v2\/media\/3099"}],"wp:attachment":[{"href":"https:\/\/fluidworkssuspension.com\/store\/wp-json\/wp\/v2\/media?parent=682"}],"wp:term":[{"taxonomy":"product_cat","embeddable":true,"href":"https:\/\/fluidworkssuspension.com\/store\/wp-json\/wp\/v2\/product_cat?post=682"},{"taxonomy":"product_tag","embeddable":true,"href":"https:\/\/fluidworkssuspension.com\/store\/wp-json\/wp\/v2\/product_tag?post=682"}],"curies":[{"name":"wp","href":"https:\/\/api.w.org\/{rel}","templated":true}]}}